{"id":18,"date":"2020-12-27T14:35:35","date_gmt":"2020-12-27T13:35:35","guid":{"rendered":"https:\/\/moraskibrydz.pl\/?page_id=18"},"modified":"2026-04-28T18:41:51","modified_gmt":"2026-04-28T16:41:51","slug":"moraski-brydz","status":"publish","type":"page","link":"https:\/\/moraskibrydz.pl\/","title":{"rendered":"Mor\u0105ski Bryd\u017c"},"content":{"rendered":"\n<div class=\"wp-block-columns is-layout-flex wp-container-core-columns-is-layout-9d6595d7 wp-block-columns-is-layout-flex\">\n<div class=\"wp-block-column is-layout-flow wp-block-column-is-layout-flow\" style=\"flex-basis:68.34%\">\n<figure class=\"wp-block-image size-large is-resized\"><img loading=\"lazy\" decoding=\"async\" width=\"648\" height=\"360\" src=\"https:\/\/moraskibrydz.pl\/wp-content\/uploads\/2020\/12\/karty.jpg\" alt=\"\" class=\"wp-image-7\" srcset=\"https:\/\/moraskibrydz.pl\/wp-content\/uploads\/2020\/12\/karty.jpg 648w, https:\/\/moraskibrydz.pl\/wp-content\/uploads\/2020\/12\/karty-300x167.jpg 300w\" sizes=\"auto, (max-width: 648px) 100vw, 648px\" \/><\/figure>\n\n\n\n<h5 class=\"wp-block-heading\">28 kwietnia&nbsp; 2026 r.<\/h5>\n\n\n\n<p>Turnieje bryd\u017cowe rozgrywamy w czwartki o godz. 17:00. <\/p>\n\n\n\n<p>Turnieje KMP odbywaj\u0105 w  si\u0119 w drugie i czwarte poniedzia\u0142ki miesi\u0105ca o 17:00. Wymagany jest jednak udzia\u0142 co najmniej 6 par (w tym 10 zg\u0142oszonych zawodnik\u00f3w w PZBS).<\/p>\n\n\n\n<p>Miejscem rozgrywek jest \u015bwietlica w Dobrocinie.<\/p>\n\n\n\n<p>S\u0119dzia: Kazimierz Kulas<\/p>\n\n\n\n<hr class=\"wp-block-separator has-alpha-channel-opacity\"\/>\n\n\n\n<p class=\"has-accent-color has-text-color has-larger-font-size\"><strong>UWAGA !<\/strong><\/p>\n\n\n\n<p class=\"has-accent-color has-text-color has-larger-font-size\">Kolejny turniej odb\u0119dzie si\u0119 w czwartek 30 kwietnia w Dobrocinie.<\/p>\n\n\n\n<p class=\"has-text-color has-link-color has-large-font-size wp-elements-c0c950aff5ae67608b200d02ca79c4a6\" style=\"color:#1518f8\">Zapraszmy wszystkich ch\u0119tnych<\/p>\n\n\n\n<p><a href=\"https:\/\/docs.google.com\/forms\/d\/e\/1FAIpQLSeta3Yhmq5_WFqU_TMdk9-sTNTeF1ceHyPyl_ZT4EMURVPOtg\/viewform?usp=sf_link\">Deklaracja udzia\u0142u w turnieju przez link<\/a><\/p>\n\n\n\n<p><a href=\"https:\/\/docs.google.com\/forms\/d\/e\/1FAIpQLSeta3Yhmq5_WFqU_TMdk9-sTNTeF1ceHyPyl_ZT4EMURVPOtg\/viewanalytics\">Lista zg\u0142oszonych bryd\u017cyst\u00f3w<\/a>          <\/p>\n\n\n\n<hr class=\"wp-block-separator has-alpha-channel-opacity\"\/>\n\n\n\n<p class=\"has-larger-font-size\"><strong><a href=\"https:\/\/www.facebook.com\/brydzmorag\">MSBS &#8222;Narie&#8221; na Facebooku<\/a><\/strong><\/p>\n\n\n\n<hr class=\"wp-block-separator has-alpha-channel-opacity\"\/>\n\n\n\n<p class=\"has-larger-font-size\"><strong>NOWE TYTU\u0141Y<\/strong><\/p>\n\n\n\n<p class=\"has-text-color has-large-font-size\" style=\"color:#eb210a\"><strong><em>Najnowsze tytu\u0142y<\/em><\/strong><\/p>\n\n\n\n<p class=\"has-large-font-size\">Mistrz Krajowy &nbsp;&nbsp; (<strong>WK=4.0<\/strong>): &nbsp;<strong>Jan Smolarek<\/strong><\/p>\n\n\n\n<p class=\"has-large-font-size\"><em>Gratulujemy!<\/em><\/p>\n\n\n\n<hr class=\"wp-block-separator has-css-opacity\"\/>\n\n\n\n<p class=\"has-larger-font-size\"><strong><em>KLASYFIKACJE<\/em> 2026<\/strong><\/p>\n\n\n\n<p><a href=\"http:\/\/archiwum.moraskibrydz.pl\/Turnieje\/2026\/2026PDF\/index.html\"><strong>PDF 2026<\/strong> <strong>r.<\/strong><\/a><\/p>\n\n\n\n<p><a href=\"http:\/\/archiwum.moraskibrydz.pl\/Turnieje\/2026\/Mpkl26.pdf\"><strong>PKL 2026 r<\/strong>.<\/a><\/p>\n\n\n\n<p><strong><a href=\"http:\/\/archiwum.moraskibrydz.pl\/Turnieje\/2026\/PKLkraj26.pdf\" data-type=\"URL\" data-id=\"http:\/\/archiwum.moraskibrydz.pl\/Turnieje\/2023\/PKLkraj23.htm\">PKL-e krajowe 26<\/a><\/strong><\/p>\n\n\n\n<hr class=\"wp-block-separator has-alpha-channel-opacity\"\/>\n\n\n\n<p><a href=\"http:\/\/archiwum.moraskibrydz.pl\/Turnieje\/2026\/2604PDF\/index.html\">BRYD\u017bYSTA KWIETNIA<\/a><\/p>\n\n\n\n<hr class=\"wp-block-separator has-alpha-channel-opacity\"\/>\n\n\n\n<p><a href=\"http:\/\/archiwum.moraskibrydz.pl\/Turnieje\/2026\/2603PDF\/index.html\">BRYD\u017bYSTA MARCA<\/a><\/p>\n\n\n\n<figure class=\"wp-block-image size-full\"><img loading=\"lazy\" decoding=\"async\" width=\"126\" height=\"120\" src=\"https:\/\/moraskibrydz.pl\/wp-content\/uploads\/2022\/12\/ac1.jpg\" alt=\"\" class=\"wp-image-883\"\/><\/figure>\n\n\n\n<figure class=\"wp-block-image size-full\"><img loading=\"lazy\" decoding=\"async\" width=\"120\" height=\"120\" src=\"https:\/\/moraskibrydz.pl\/wp-content\/uploads\/2022\/11\/js2.jpg\" alt=\"\" class=\"wp-image-820\"\/><\/figure>\n\n\n\n<hr class=\"wp-block-separator has-alpha-channel-opacity\"\/>\n\n\n\n<p><a href=\"http:\/\/archiwum.moraskibrydz.pl\/Turnieje\/2026\/2602PDF\/index.html\">BRYD\u017bYSTA LUTEGO<\/a><\/p>\n\n\n\n<figure class=\"wp-block-image size-full\"><img loading=\"lazy\" decoding=\"async\" width=\"155\" height=\"120\" src=\"https:\/\/moraskibrydz.pl\/wp-content\/uploads\/2024\/07\/dr1.jpg\" alt=\"\" class=\"wp-image-1662\"\/><\/figure>\n\n\n\n<hr class=\"wp-block-separator has-alpha-channel-opacity\"\/>\n\n\n\n<p><a href=\"http:\/\/archiwum.moraskibrydz.pl\/Turnieje\/2026\/2601PDF\/index.html\">BRYD\u017bYSTA STYCZNIA<\/a><\/p>\n\n\n\n<figure class=\"wp-block-image size-full\"><img loading=\"lazy\" decoding=\"async\" width=\"126\" height=\"120\" src=\"https:\/\/moraskibrydz.pl\/wp-content\/uploads\/2022\/12\/ac1.jpg\" alt=\"\" class=\"wp-image-883\"\/><\/figure>\n\n\n\n<figure class=\"wp-block-image size-full\"><img loading=\"lazy\" decoding=\"async\" width=\"120\" height=\"120\" src=\"https:\/\/moraskibrydz.pl\/wp-content\/uploads\/2022\/11\/js2.jpg\" alt=\"\" class=\"wp-image-820\"\/><\/figure>\n\n\n\n<hr class=\"wp-block-separator has-alpha-channel-opacity\"\/>\n\n\n\n<h1 class=\"wp-block-heading has-text-color has-normal-font-size\" style=\"color:#0d0e0e\"><\/h1>\n\n\n\n<h5 class=\"wp-block-heading has-text-color\" style=\"color:#099ad9\"><a href=\"https:\/\/ozbs.olsztyn.pl\/kartoteka.php?sort=wd\">KARTOTEKA WZBS OLSZTYN<\/a><\/h5>\n\n\n\n<hr class=\"wp-block-separator has-alpha-channel-opacity\"\/>\n<\/div>\n\n\n\n<div class=\"wp-block-column is-layout-flow wp-block-column-is-layout-flow\" style=\"flex-basis:31.66%\">\n<p class=\"has-secondary-background-color has-text-color has-background has-large-font-size\" style=\"color:#67f607\">W \u015brody o 18:30 w Mor\u0105skim Domu Kultury, w sali nr 100 odbywa si\u0119 nauka gry w bryd\u017ca. Zapraszamy wszystkich zainteresowanych.<\/p>\n\n\n\n<p><a href=\"https:\/\/www.facebook.com\/brydzmorag\/posts\/248550571255033\">Komentarz na Facebooku<\/a><\/p>\n\n\n\n<p>&nbsp;Instruktor: Kazimierz Kulas<\/p>\n\n\n\n<hr>\n\n\n\n<p class=\"has-text-color has-large-font-size\" style=\"color:#327221\"><strong>III&nbsp;LIGA 2025\/26<\/strong><\/p>\n\n\n\n<p class=\"has-normal-font-size\"><strong><a href=\"https:\/\/ozbs.olsztyn.pl\/arek\/3liga2025\/3liga2025leaderb.html\" data-type=\"link\" data-id=\"https:\/\/wyniki.pzbs.pl\/liga\/liga2024-25\/3liga\/ne\/nerrleaderb.html\"><em><strong>Tabela i wyniki<\/strong><\/em>&nbsp;<\/a><\/strong><\/p>\n\n\n\n<hr class=\"wp-block-separator has-alpha-channel-opacity\"\/>\n\n\n\n<p><strong>Turniej KMP na impy, poniedzia\u0142ek 27.04.2026<\/strong><\/p>\n\n\n\n<p>Zwyci\u0119stwo odnios\u0142a para <strong>Jan Kijko &#8211; Ryszard Smoczy\u0144ski. <\/strong> Drugie miejsce zdoby\u0142a para W. Koz\u0142owski &#8211; D. Romejko, trzecie miejsce K. Kulas &#8211; R. \u0141asowski.<\/p>\n\n\n\n<p><a href=\"http:\/\/archiwum.moraskibrydz.pl\/Turnieje\/2026\/260427\/index.html\">Wyniki<\/a><\/p>\n\n\n\n<p><a href=\"https:\/\/r.bridgespider.com\/44384\/pot-WM\/132\/\">Wyniki krajowe<\/a><\/p>\n\n\n\n<p><a href=\"https:\/\/www.facebook.com\/share\/p\/18Uz2NG6k2\/\">Komentarz na Facebooku<\/a><\/p>\n\n\n\n<hr class=\"wp-block-separator has-alpha-channel-opacity\"\/>\n\n\n\n<p><strong><strong>Turniej par na impy z przel. na VP, czwartek 23.04.2026<\/strong><\/strong><\/p>\n\n\n\n<p>Zwyci\u0119stwo odnios\u0142a para <strong>Aleksander Cydejko &#8211; Jan Sta\u0144czak. <\/strong> Drugie miejsce zdoby\u0142a para M. Pawlicki &#8211; J. Wi\u015bnik, a trzecie J. Preisner &#8211; D. Romejko.<\/p>\n\n\n\n<p><a href=\"http:\/\/archiwum.moraskibrydz.pl\/Turnieje\/2026\/260423\/index.html\">Wyniki<\/a><\/p>\n\n\n\n<hr class=\"wp-block-separator has-alpha-channel-opacity\"\/>\n\n\n\n<p><strong><strong>Turniej par na impy z przel. na VP, czwartek 16.04.2026<\/strong><\/strong><\/p>\n\n\n\n<p>Zwyci\u0119stwo odnios\u0142a para <strong>Marek Pawlicki &#8211; J\u00f3zef Wi\u015bnik. <\/strong> Drugie miejsce zdoby\u0142a para A. Cydejko &#8211; J.Sta\u0144czak, a trzecie R. Buta &#8211; J. Kijko.<\/p>\n\n\n\n<p><a href=\"http:\/\/archiwum.moraskibrydz.pl\/Turnieje\/2026\/260416\/index.html\">Wyniki<\/a><\/p>\n\n\n\n<p><a href=\"https:\/\/www.facebook.com\/share\/p\/1BtEWWxksA\/\">Komentarz na Facebooku<\/a><\/p>\n\n\n\n<hr class=\"wp-block-separator has-alpha-channel-opacity\"\/>\n\n\n\n<p><strong>Turniej KMP na maksy, poniedzia\u0142ek 13.04.2026<\/strong><\/p>\n\n\n\n<p>Zwyci\u0119stwo odnios\u0142a para <strong>Kazimierz Kulas &#8211; Dariusz \u0141uczak. <\/strong> Drugie miejsce zdoby\u0142a para M. Pawlicki &#8211; J. Wi\u015bnik, trzecie miejsce J. Preisner &#8211; D. Romejko.<\/p>\n\n\n\n<p><a href=\"http:\/\/archiwum.moraskibrydz.pl\/Turnieje\/2026\/260413\/index.html\">Wyniki<\/a><\/p>\n\n\n\n<p><a href=\"https:\/\/r.bridgespider.com\/44366\/pot-WM\/132\/\">Wyniki krajowe<\/a><\/p>\n\n\n\n<p><a href=\"https:\/\/www.facebook.com\/share\/p\/1aiUzABG8K\/\">Komentarz na Facebooku<\/a><\/p>\n\n\n\n<hr class=\"wp-block-separator has-alpha-channel-opacity\"\/>\n\n\n\n<p><strong><strong>Turniej par na impy z przel. na VP, czwartek 9.04.2026<\/strong><\/strong><\/p>\n\n\n\n<p>Zwyci\u0119stwo odnios\u0142a para <strong>Aleksander Cydejko &#8211; Jan Sta\u0144czak. <\/strong> Drugie miejsce zdoby\u0142a para K. Kulas &#8211; D. \u0141uczak, a trzecie J. Preisner &#8211; D. Romejko.<\/p>\n\n\n\n<p><a href=\"http:\/\/archiwum.moraskibrydz.pl\/Turnieje\/2026\/260409\/index.html\">Wyniki<\/a><\/p>\n\n\n\n<hr class=\"wp-block-separator has-alpha-channel-opacity\"\/>\n\n\n\n<p><strong><strong>Turniej par na impy z przel. na VP, czwartek 26.03.2026<\/strong><\/strong><\/p>\n\n\n\n<p>Zwyci\u0119stwo odnios\u0142a para <strong>Aleksander Cydejko &#8211; Jan Sta\u0144czak. <\/strong> Drugie miejsce zdoby\u0142a para R. Buta &#8211; D. \u0141uczak, a trzecie M. Pawlicki &#8211; J.  Wi\u015bnik.<\/p>\n\n\n\n<p><a href=\"http:\/\/archiwum.moraskibrydz.pl\/Turnieje\/2026\/260326\/index.html\">Wyniki<\/a><\/p>\n\n\n\n<p><a href=\"https:\/\/www.facebook.com\/share\/p\/1JpztmaKQa\/\">Komentarz na Facebooku<\/a><\/p>\n\n\n\n<hr class=\"wp-block-separator has-alpha-channel-opacity\"\/>\n\n\n\n<p><strong>Turniej KMP na impy, poniedzia\u0142ek 23.03.2026<\/strong><\/p>\n\n\n\n<p>Zwyci\u0119stwo odnios\u0142a para <strong>Marek Pawlicki &#8211; J\u00f3zef <\/strong> <strong>Wi\u015bnik. <\/strong> Drugie miejsce zdoby\u0142a para A. Cydejko &#8211; J. Sta\u0144czak , a trzecie R. Buta &#8211; D. \u0141uczak.<\/p>\n\n\n\n<p><a href=\"http:\/\/archiwum.moraskibrydz.pl\/Turnieje\/2026\/260323\/index.html\">Wyniki<\/a><\/p>\n\n\n\n<p><a href=\"https:\/\/r.bridgespider.com\/44339\/pot-WM\/132\/\">Wyniki krajowe<\/a><\/p>\n\n\n\n<p><a href=\"https:\/\/www.facebook.com\/share\/p\/1GhXJRuk3e\/\">Komentarz na Facebooku<\/a><\/p>\n\n\n\n<hr class=\"wp-block-separator has-alpha-channel-opacity\"\/>\n\n\n\n<p><strong><strong>Turniej par na impy z przel. na VP, czwartek 19.03.2026<\/strong><\/strong><\/p>\n\n\n\n<p>Zwyci\u0119stwo odnios\u0142a para <strong>Robert Buta &#8211; Janusz Preisner. <\/strong> Drugie miejsce zdoby\u0142a para A. Cydejko &#8211; J. Sta\u0144czak, trzecie miejsce K. Kulas &#8211; D. \u0141uczak.<\/p>\n\n\n\n<p><a href=\"http:\/\/archiwum.moraskibrydz.pl\/Turnieje\/2026\/260319\/index.html\">Wyniki<\/a><\/p>\n\n\n\n<hr class=\"wp-block-separator has-alpha-channel-opacity\"\/>\n\n\n\n<p><strong><strong>Turniej par na impy z przel. na VP, czwartek 12.03.2026<\/strong><\/strong><\/p>\n\n\n\n<p>Zwyci\u0119stwo odnios\u0142a para <strong>Robert Buta &#8211; Zbigniew Juchniewicz. <\/strong> Drugie miejsce zdoby\u0142a para A. Cydejko &#8211; J. Sta\u0144czak, trzecie miejsce K. Kulas &#8211; D. \u0141uczak.<\/p>\n\n\n\n<p><a href=\"http:\/\/archiwum.moraskibrydz.pl\/Turnieje\/2026\/260312\/index.html\">Wyniki<\/a><\/p>\n\n\n\n<p><a href=\"https:\/\/www.facebook.com\/share\/p\/1Eeju2Gv4J\/\">Komentarz na Facebooku<\/a><\/p>\n\n\n\n<hr class=\"wp-block-separator has-alpha-channel-opacity\"\/>\n\n\n\n<p><strong>Turniej KMP na maksy, poniedzia\u0142ek 9.03.2026<\/strong><\/p>\n\n\n\n<p>Zwyci\u0119stwo odnios\u0142a para <strong>Aleksander Cydejko &#8211; Jan Sta\u0144czak. <\/strong> Drugie miejsce zdoby\u0142a para M. Pawlicki &#8211; J. Wi\u015bnik, trzecie miejsce Pietkiewicz &#8211; J. Smolarek.<\/p>\n\n\n\n<p><a href=\"http:\/\/archiwum.moraskibrydz.pl\/Turnieje\/2026\/260309\/index.html\">Wyniki<\/a><\/p>\n\n\n\n<p><a href=\"https:\/\/r.bridgespider.com\/44321\/pot-WM\/132\/\">Wyniki krajowe<\/a><\/p>\n\n\n\n<p><a href=\"https:\/\/www.facebook.com\/share\/p\/18iVAsNgUq\/\">Komentarz na Facebooku<\/a><\/p>\n\n\n\n<hr class=\"wp-block-separator has-alpha-channel-opacity\"\/>\n\n\n\n<p><strong><strong>Turniej par na impy z przel. na VP, czwartek 5.03.2026<\/strong><\/strong><\/p>\n\n\n\n<p>Zwyci\u0119stwo odnios\u0142a para <strong>Janusz Preisner &#8211; Dariusz Romejko. <\/strong> Drugie miejsce zdoby\u0142a para J.Kijko &#8211; Z. Juchniewicz, trzecie miejsce M. Pawlicki &#8211; J. Wi\u015bnik.<\/p>\n\n\n\n<p><a href=\"http:\/\/archiwum.moraskibrydz.pl\/Turnieje\/2026\/260305\/index.html\">Wyniki<\/a><\/p>\n\n\n\n<hr class=\"wp-block-separator has-alpha-channel-opacity\"\/>\n\n\n\n<p><strong><strong>Turniej par na impy z przel. na VP, czwartek 26.02.2026<\/strong><\/strong><\/p>\n\n\n\n<p>Zwyci\u0119stwo odnios\u0142a para <strong>Ryszard \u0141asowski &#8211; J\u00f3zef Wi\u015bnik, <\/strong>drugie miejsce zdoby\u0142a para R. Buta &#8211; Z. Juchniewicz, trzecie miejsce B. Pietkiewicz &#8211; J. Smolarek.<\/p>\n\n\n\n<p><a href=\"http:\/\/archiwum.moraskibrydz.pl\/Turnieje\/2026\/260226\/index.html\">Wyniki<\/a><\/p>\n\n\n\n<p><a href=\"https:\/\/www.facebook.com\/share\/p\/18EirrRk8g\/\">Komentarz na Facebooku<\/a><\/p>\n\n\n\n<hr class=\"wp-block-separator has-alpha-channel-opacity\"\/>\n\n\n\n<p><strong>Turniej KMP na impy, poniedzia\u0142ek 23.02.2026<\/strong><\/p>\n\n\n\n<p>Zwyci\u0119stwo odnios\u0142a para <strong>Janusz Preisner &#8211; Dariusz Romejko. <\/strong> Drugie miejsce zdoby\u0142a para A. Cydejko &#8211; K. Kulas, trzecie miejsce B. Pietkiewicz &#8211; J. Smolarek.<\/p>\n\n\n\n<p><a href=\"http:\/\/archiwum.moraskibrydz.pl\/Turnieje\/2026\/260223\/index.html\">Wyniki<\/a><\/p>\n\n\n\n<p><a href=\"https:\/\/r.bridgespider.com\/44303\/pot-WM\/132\/\">Wyniki krajowe<\/a><\/p>\n\n\n\n<p><a href=\"https:\/\/www.facebook.com\/share\/p\/1Dd6mwQ5aU\/\">Komentarz na Facebooku<\/a><\/p>\n\n\n\n<hr class=\"wp-block-separator has-alpha-channel-opacity\"\/>\n\n\n\n<p><strong><strong>Turniej par na impy z przel. na VP, czwartek 19.02.2026<\/strong><\/strong><\/p>\n\n\n\n<p>Zwyci\u0119stwo odnios\u0142a para <strong>Jan Kijko &#8211; Ryszard Smoczy\u0144ski, <\/strong>drugie miejsce zdoby\u0142a para W. Koz\u0142owski &#8211; D. Romejko, trzecie miejsce K. Kulas &#8211; D. \u0141uczak.<\/p>\n\n\n\n<p><a href=\"http:\/\/archiwum.moraskibrydz.pl\/Turnieje\/2026\/260312\/index.html\">Wyniki<\/a><\/p>\n\n\n\n<hr class=\"wp-block-separator has-alpha-channel-opacity\"\/>\n\n\n\n<p><strong><strong>Turniej par na impy z przel. na VP, czwartek 12.02.2026<\/strong><\/strong><\/p>\n\n\n\n<p>Zwyci\u0119stwo odnios\u0142a para <strong>Bogdan Pietkiewicz &#8211; Jan Smolarek<\/strong>. Drugie miejsce zdoby\u0142a para W. Koz\u0142owski &#8211; D. \u0141uczak, trzecie J. Preisner &#8211; D. Romejko.<\/p>\n\n\n\n<p><a href=\"http:\/\/archiwum.moraskibrydz.pl\/Turnieje\/2026\/260212\/index.html\">Wyniki<\/a><\/p>\n\n\n\n<p><a href=\"https:\/\/www.facebook.com\/share\/p\/16RcVncUKU\/\">Komentarz na Facebooku<\/a><\/p>\n\n\n\n<hr class=\"wp-block-separator has-alpha-channel-opacity\"\/>\n\n\n\n<p><strong>Turniej KMP na maksy, poniedzia\u0142ek 9.02.2026<\/strong><\/p>\n\n\n\n<p>Wspania\u0142e zwyci\u0119stwo odnios\u0142a para <strong>Waldemar Koz\u0142owski &#8211; Dariusz \u0141uczak. <\/strong> Drugie miejsce zdoby\u0142a para J. Preisner &#8211; D. Romejko, trzecie miejsce M. Pawlicki &#8211; J. Wi\u015bnik.<\/p>\n\n\n\n<p><a href=\"http:\/\/archiwum.moraskibrydz.pl\/Turnieje\/2026\/260209\/index.html\">Wyniki<\/a><\/p>\n\n\n\n<p><a href=\"https:\/\/r.bridgespider.com\/44285\/pot-WM\/132\/\">Wyniki krajowe<\/a><\/p>\n\n\n\n<p><a href=\"https:\/\/www.facebook.com\/share\/p\/1DhS7Qn9RC\/\">Komentarz na Facebooku<\/a><\/p>\n\n\n\n<hr class=\"wp-block-separator has-alpha-channel-opacity\"\/>\n\n\n\n<p><strong><strong>Turniej par na impy z przel. na VP, czwartek 5.02.2026<\/strong><\/strong><\/p>\n\n\n\n<p>Zwyci\u0119stwo odnios\u0142a para <strong>Bogdan Pietkiewicz &#8211; Jan Smolarek<\/strong>. Drugie miejsce zdoby\u0142a para A. Cydejko &#8211; J. Sta\u0144czak, trzecie miejsce J. Preisner &#8211; D. Romejko.<\/p>\n\n\n\n<p><a href=\"http:\/\/archiwum.moraskibrydz.pl\/Turnieje\/2026\/260205\/index.html\">Wyniki<\/a><\/p>\n\n\n\n<hr class=\"wp-block-separator has-alpha-channel-opacity\"\/>\n\n\n\n<p><\/p>\n\n\n\n<hr class=\"wp-block-separator has-alpha-channel-opacity\"\/>\n\n\n\n<p class=\"has-large-font-size\"><strong><mark style=\"background-color:rgba(0, 0, 0, 0);color:#005101\" class=\"has-inline-color\">LINKI DO STRON BRYD\u017bOWYCH<\/mark><\/strong><\/p>\n\n\n\n<p><strong><a href=\"http:\/\/www.pzbs.pl\/\">PZBS<\/a><\/strong><\/p>\n\n\n\n<p><strong><a href=\"https:\/\/ozbs.olsztyn.pl\/\">W-M OZBS<\/a><\/strong><\/p>\n\n\n\n<p><strong><a href=\"https:\/\/msc.com.pl\/cezar\/\">CEZAR<\/a><\/strong><\/p>\n\n\n\n<p><strong><a href=\"http:\/\/www.bridge.com.pl\/\">Bryd\u017c<\/a><a href=\"http:\/\/szkola.pzbs.pl\/\">Szko\u0142a Bryd\u017ca PZBS<\/a><\/strong><\/p>\n\n\n\n<p><strong><a href=\"https:\/\/jassem.pl\/\">Sklep bryd\u017cowy<\/a><\/strong><\/p>\n\n\n\n<p><strong><a href=\"https:\/\/www.bridgebase.com\/\">BBO<\/a><\/strong><\/p>\n\n\n\n<p><strong><a href=\"https:\/\/www.kurnik.pl\/\">Kurnik<\/a><\/strong><\/p>\n\n\n\n<p><strong><a href=\"http:\/\/pzbs.pl\/sedziowie\/pkl\/pkle2020.php\">Kalkulator PKLi<\/a><\/strong><\/p>\n<\/div>\n\n\n\n<div class=\"wp-block-column is-layout-flow wp-block-column-is-layout-flow\"><\/div>\n<\/div>\n","protected":false},"excerpt":{"rendered":"<p>28 kwietnia&nbsp; 2026 r. Turnieje bryd\u017cowe rozgrywamy w czwartki o godz. 17:00. Turnieje KMP odbywaj\u0105 w si\u0119 w drugie i czwarte poniedzia\u0142ki miesi\u0105ca o 17:00. Wymagany jest jednak udzia\u0142 co najmniej 6 par (w tym 10 zg\u0142oszonych zawodnik\u00f3w w PZBS). Miejscem rozgrywek jest \u015bwietlica w Dobrocinie. S\u0119dzia: Kazimierz Kulas UWAGA ! Kolejny turniej odb\u0119dzie si\u0119 [&hellip;]<\/p>\n","protected":false},"author":1,"featured_media":0,"parent":0,"menu_order":0,"comment_status":"closed","ping_status":"closed","template":"templates\/template-full-width.php","meta":{"footnotes":""},"class_list":["post-18","page","type-page","status-publish","hentry"],"_links":{"self":[{"href":"https:\/\/moraskibrydz.pl\/index.php?rest_route=\/wp\/v2\/pages\/18","targetHints":{"allow":["GET"]}}],"collection":[{"href":"https:\/\/moraskibrydz.pl\/index.php?rest_route=\/wp\/v2\/pages"}],"about":[{"href":"https:\/\/moraskibrydz.pl\/index.php?rest_route=\/wp\/v2\/types\/page"}],"author":[{"embeddable":true,"href":"https:\/\/moraskibrydz.pl\/index.php?rest_route=\/wp\/v2\/users\/1"}],"replies":[{"embeddable":true,"href":"https:\/\/moraskibrydz.pl\/index.php?rest_route=%2Fwp%2Fv2%2Fcomments&post=18"}],"version-history":[{"count":1458,"href":"https:\/\/moraskibrydz.pl\/index.php?rest_route=\/wp\/v2\/pages\/18\/revisions"}],"predecessor-version":[{"id":2458,"href":"https:\/\/moraskibrydz.pl\/index.php?rest_route=\/wp\/v2\/pages\/18\/revisions\/2458"}],"wp:attachment":[{"href":"https:\/\/moraskibrydz.pl\/index.php?rest_route=%2Fwp%2Fv2%2Fmedia&parent=18"}],"curies":[{"name":"wp","href":"https:\/\/api.w.org\/{rel}","templated":true}]}}