{"id":40,"date":"2020-12-27T15:25:15","date_gmt":"2020-12-27T14:25:15","guid":{"rendered":"https:\/\/moraskibrydz.pl\/?page_id=40"},"modified":"2026-03-13T12:34:22","modified_gmt":"2026-03-13T11:34:22","slug":"komunikaty-msbs","status":"publish","type":"page","link":"https:\/\/moraskibrydz.pl\/?page_id=40","title":{"rendered":"Komunikaty MSBS"},"content":{"rendered":"\n<h3 class=\"wp-block-heading\">2026-01-01<\/h3>\n\n\n\n<p>Wykaz imprez bryd\u017cowych planowanych przez Stowarzyszenie Bryd\u017ca Sportowego \u201eNarie\u201d w roku 2025:<\/p>\n\n\n\n<ol class=\"wp-block-list\">\n<li>Nauka gry w bryd\u017ca sportowego &#8211; w ka\u017cd\u0105 \u015brod\u0119 o godz.&nbsp;18.30 w MDK Mor\u0105g<\/li>\n\n\n\n<li>Turnieje bryd\u017cowe &#8211; w ka\u017cdy czwartek o godz.&nbsp;17.00 w \u015bwietlicy wiejskiej w Dobrocinie.<\/li>\n\n\n\n<li>Turnieje Korespondencyjne Mistrzostwa Polski &#8211; w drugi i czwarty poniedzia\u0142ek miesi\u0105ca o godz.&nbsp;17.00 w \u015bwietlicy wiejskiej w Dobrocinie.<\/li>\n\n\n\n<li>Reprezentowanie barw Mor\u0105ga w III lidze bryd\u017ca sportowego (zjazdy wed\u0142ug harmonogramu W-MOZBS)<\/li>\n\n\n\n<li>Organizacja Og\u00f3lnopolskiego Turnieju Par** Memoria\u0142 Jana Janiaka 24 maja.<\/li>\n\n\n\n<li>Organizacja Og\u00f3lnopolskiego Turnieju o Podkow\u0119 Kasztanki Marsza\u0142ka w listopadowe \u015awi\u0119to Niepodleg\u0142o\u015bci. <\/li>\n\n\n\n<li>Oferujemy zorganizowanie turnieju bryd\u017cowego w ka\u017cdej miejscowo\u015bci naszej gminy.&nbsp;Posiadamy odpowiedni sprz\u0119t i zapewniamy profesjonaln\u0105 obs\u0142ug\u0119 s\u0119dziowsk\u0105.&nbsp;Zainteresowani proszeni s\u0105 o kontakt ze Stowarzyszeniem.<\/li>\n<\/ol>\n\n\n\n<p>Kontakt:<\/p>\n\n\n\n<p>Prezes Stowarzyszenia Janusz Preisner, tel.&nbsp;503 195 334<\/p>\n\n\n\n<hr class=\"wp-block-separator has-alpha-channel-opacity\"\/>\n\n\n\n<p class=\"has-larger-font-size\"><strong>Prosz\u0119 wp\u0142aci\u0107 indywidualn\u0105 sk\u0142adk\u0119 cz\u0142onkowsk\u0105 na konto WM OZBS. Warunkiem zaliczenia turniej\u00f3w KMP do klasyfikacji og\u00f3lnopolskiej jest udzia\u0142 co najmniej 10 zg\u0142oszonych do PZBS zawodnik\u00f3w.<\/strong><\/p>\n\n\n\n<p><a href=\"http:\/\/archiwum.moraskibrydz.pl\/Turnieje\/2024\/skladkicz24.pdf\">Wysoko\u015b\u0107 op\u0142at i nr konta w tym linku<\/a><\/p>\n\n\n\n<hr class=\"wp-block-separator has-alpha-channel-opacity\"\/>\n\n\n\n<p class=\"has-larger-font-size\"><strong><a href=\"https:\/\/www.facebook.com\/brydzmorag\">MSBS \u201eNarie\u201d na Facebooku<\/a><\/strong><\/p>\n\n\n\n<hr class=\"wp-block-separator has-css-opacity\"\/>\n\n\n\n<p style=\"font-size:33px\"><mark style=\"background-color:rgba(0, 0, 0, 0);color:#2630a5\" class=\"has-inline-color\"><strong>Podsumowanie sezonu 2025 w pi\u0105tek, 30.01.2026<\/strong><\/mark><\/p>\n\n\n\n<p class=\"has-text-color\" style=\"color:#1e9bd0;font-size:36px\"><a href=\"https:\/\/www.facebook.com\/brydzmorag\/posts\/406723762104379\"><a href=\"https:\/\/www.facebook.com\/share\/p\/1AvPva2XJV\/\">Komentarz na Facebooku<\/a><\/a><\/p>\n\n\n\n<hr class=\"wp-block-separator has-css-opacity\"\/>\n\n\n\n<hr class=\"wp-block-separator has-css-opacity\"\/>\n\n\n\n<h5 class=\"wp-block-heading\">Komunikat Zarz\u0105du MSBS \u201eNarie\u201d<\/h5>\n\n\n\n<h3 class=\"wp-block-heading has-text-color has-small-font-size\" style=\"color:#080809\"><a href=\"http:\/\/archiwum.moraskibrydz.pl\/Regulaminy\/regulamin2026.html\">REGULAMIN D\u0141UGOFAL\u00d3WKA\u00a0 \u201eROK 2026\u201d<\/a><\/h3>\n\n\n\n<hr class=\"wp-block-separator has-css-opacity\"\/>\n\n\n\n<hr class=\"wp-block-separator has-css-opacity\"\/>\n\n\n\n<p><\/p>\n","protected":false},"excerpt":{"rendered":"<p>2026-01-01 Wykaz imprez bryd\u017cowych planowanych przez Stowarzyszenie Bryd\u017ca Sportowego \u201eNarie\u201d w roku 2025: Kontakt: Prezes Stowarzyszenia Janusz Preisner, tel.&nbsp;503 195 334 Prosz\u0119 wp\u0142aci\u0107 indywidualn\u0105 sk\u0142adk\u0119 cz\u0142onkowsk\u0105 na konto WM OZBS. Warunkiem zaliczenia turniej\u00f3w KMP do klasyfikacji og\u00f3lnopolskiej jest udzia\u0142 co najmniej 10 zg\u0142oszonych do PZBS zawodnik\u00f3w. Wysoko\u015b\u0107 op\u0142at i nr konta w tym linku MSBS [&hellip;]<\/p>\n","protected":false},"author":2,"featured_media":0,"parent":0,"menu_order":0,"comment_status":"closed","ping_status":"closed","template":"","meta":{"footnotes":""},"class_list":["post-40","page","type-page","status-publish","hentry"],"_links":{"self":[{"href":"https:\/\/moraskibrydz.pl\/index.php?rest_route=\/wp\/v2\/pages\/40","targetHints":{"allow":["GET"]}}],"collection":[{"href":"https:\/\/moraskibrydz.pl\/index.php?rest_route=\/wp\/v2\/pages"}],"about":[{"href":"https:\/\/moraskibrydz.pl\/index.php?rest_route=\/wp\/v2\/types\/page"}],"author":[{"embeddable":true,"href":"https:\/\/moraskibrydz.pl\/index.php?rest_route=\/wp\/v2\/users\/2"}],"replies":[{"embeddable":true,"href":"https:\/\/moraskibrydz.pl\/index.php?rest_route=%2Fwp%2Fv2%2Fcomments&post=40"}],"version-history":[{"count":23,"href":"https:\/\/moraskibrydz.pl\/index.php?rest_route=\/wp\/v2\/pages\/40\/revisions"}],"predecessor-version":[{"id":2413,"href":"https:\/\/moraskibrydz.pl\/index.php?rest_route=\/wp\/v2\/pages\/40\/revisions\/2413"}],"wp:attachment":[{"href":"https:\/\/moraskibrydz.pl\/index.php?rest_route=%2Fwp%2Fv2%2Fmedia&parent=40"}],"curies":[{"name":"wp","href":"https:\/\/api.w.org\/{rel}","templated":true}]}}