{"id":78,"date":"2020-12-27T17:44:36","date_gmt":"2020-12-27T16:44:36","guid":{"rendered":"https:\/\/moraskibrydz.pl\/?page_id=78"},"modified":"2026-03-13T12:35:45","modified_gmt":"2026-03-13T11:35:45","slug":"regulaminy","status":"publish","type":"page","link":"https:\/\/moraskibrydz.pl\/?page_id=78","title":{"rendered":"Regulaminy"},"content":{"rendered":"\n<h5 class=\"wp-block-heading\">Ostatnia aktualizacja: 8 lutego 2026 r.\u00a0<\/h5>\n\n\n\n<hr class=\"wp-block-separator has-css-opacity\"\/>\n\n\n\n<p><strong><a href=\"http:\/\/archiwum.moraskibrydz.pl\/Regulaminy\/tab.txt\">Tabela maks\u00f3w dla trzech sto\u0142\u00f3w<\/a><\/strong><\/p>\n\n\n\n<hr class=\"wp-block-separator has-css-opacity\"\/>\n\n\n\n<h3 class=\"wp-block-heading\">REGULAMINY<\/h3>\n\n\n\n<p><a href=\"http:\/\/archiwum.moraskibrydz.pl\/Regulaminy\/skladkicz25.pdf\">Sk\u0142adki cz\u0142onkowskie ind. 2025<\/a><\/p>\n\n\n\n<p class=\"has-normal-font-size\"><a href=\"http:\/\/archiwum.moraskibrydz.pl\/Regulaminy\/regulaminbs.htm\">Wpisowe i nagrody<\/a><\/p>\n\n\n\n<p><a href=\"http:\/\/www.pzbs.pl\/regulaminy-stale\/2340-regulamin-klasyfikacyjny\">Regulamin klasyfikacyjny<\/a><\/p>\n\n\n\n<p><a href=\"http:\/\/www.pzbs.pl\/regulaminy-stale\/385-korespondencyjne-mistrzostwa-polski-regulamin-ogolny\">Regulamin KMP<\/a><\/p>\n\n\n\n<p><a href=\"https:\/\/www.pzbs.pl\/nowosci\/6723-regulamin-kmp-na-imp-\">Regulamin KMP na IMP<\/a><\/p>\n\n\n\n<p><a href=\"http:\/\/www.pzbs.pl\/regulamin-dmp\">Regulamin DMP<\/a><\/p>\n\n\n\n<p><a href=\"http:\/\/stara.pzbs.pl\/komunikaty\/r2005\/RegulamZawodow.pdf\">Regulamin Zawod\u00f3w Bryd\u017ca Sportowego<\/a><\/p>\n\n\n\n<p><a href=\"https:\/\/www.pzbs.pl\/regulaminy-stale\/4627-zasady-alertowania\">Zasady Alertowania<\/a><\/p>\n\n\n\n<p><a href=\"https:\/\/www.pzbs.pl\/regulaminy-stale\/4626-polityka-systemowa\">Polityka Systemowa<\/a><\/p>\n\n\n\n<p><a href=\"http:\/\/pzbs.pl\/sedziowie\/pkl\/pkle2020.php\">Kalkulator PKL-i<\/a><\/p>\n\n\n\n<h3 class=\"wp-block-heading\">Zasady przyznawania punkt\u00f3w<\/h3>\n\n\n\n<p>klasyfikacyjne (PKL) w&nbsp;&nbsp;<a href=\"http:\/\/archiwum.moraskibrydz.pl\/Regulaminy\/Pkle%20za%20turnieje.htm\">turniejach PZBS<\/a>&nbsp;,&nbsp;&nbsp;&nbsp;<a href=\"http:\/\/archiwum.moraskibrydz.pl\/Regulaminy\/PKLe%20za%20KMP.htm\">KMP<\/a>&nbsp;&nbsp;<a href=\"http:\/\/archiwum.moraskibrydz.pl\/Regulaminy\/PKLe%20za%20lige%20i%20mecze%20pucharowe.htm\">Lidze i mecz.&nbsp;puchar<\/a>&nbsp;.<\/p>\n\n\n\n<p>oraz normy dla zdobycia&nbsp;&nbsp;<a href=\"http:\/\/www.pzbs.pl\/regulaminy-stale\/2758-normy-klas-sportowych\">tytu\u0142\u00f3w b<\/a><a href=\"http:\/\/www.pzbs.pl\/regulaminy-stale\/2758-normy-klas-sportowych\">ryd\u017cowych<\/a><\/p>\n\n\n\n<h3 class=\"wp-block-heading\">Zmiany regulaminowe<\/h3>\n\n\n\n<p>25 wrze\u015bnia 2009 odby\u0142o si\u0119 zebranie Zarz\u0105du G\u0142\u00f3wnego PZBS, na kt\u00f3rym zatwierdzono nowy Regulamin Klasyfikacyjny.<\/p>\n\n\n\n<p>W zawodach bryd\u017cowych zebranych przez PZBS zawodnicy zdobywaj\u0105 punkty klasyfikacyjne (PKL) i krajowe punkty mistrzowskie (PM).&nbsp;W g\u0142\u00f3wnych imprezach oraz wa\u017cniejszych turniejach mi\u0119dzynarodowych przyznanych punktom klasyfikacyjnym wed\u0142ug wed\u0142ug specjalnej kategorii arcymistrzowskich punkt\u00f3w klasyfikacyjnych (aPKL).&nbsp;W ramach imprezach mi\u0119dzynarodowych, za zdobycie czo\u0142owych miejsc przyznanych s\u0105 dodatkowe mi\u0119dzynarodowe punkty mistrzowskie (MPM).<\/p>\n\n\n\n<p>Zdob\u0105d\u017a punkty przez ca\u0142y okres przynale\u017cno\u015bci do PZBS s\u0105 rejestrowane na osobistych kontach zawodnik\u00f3w w systemie MSC CEZAR i s\u0105 dost\u0119pne do przyznawania r\u00f3\u017cnych, coraz wy\u017cszych tytu\u0142\u00f3w klasyfikacyjnych.<\/p>\n\n\n\n<p>Regulamin og\u00f3lny, uchwalony przez ZG PZBS w dniu 25.09.2009 r.&nbsp;dost\u0119pne w \u017cyciu z dniem 01.10.2009 r.&nbsp;Od 1 stycznia 2010 r.&nbsp;zaczynaj\u0105 obowi\u0105zywa\u0107 nowe normy na tytu\u0142y klasyfikacyjne.&nbsp;Zawodnicy zachowuj\u0105 dotychczasowy tytu\u0142 klasyfikacyjny i zdobty symbol (wed\u0142ug pkt. 7 instrukcji u\u017cytkowania).&nbsp;Awanse po 1 stycznia ju\u017c wed\u0142ug nowych norm.<\/p>\n","protected":false},"excerpt":{"rendered":"<p>Ostatnia aktualizacja: 8 lutego 2026 r.\u00a0 Tabela maks\u00f3w dla trzech sto\u0142\u00f3w REGULAMINY Sk\u0142adki cz\u0142onkowskie ind. 2025 Wpisowe i nagrody Regulamin klasyfikacyjny Regulamin KMP Regulamin KMP na IMP Regulamin DMP Regulamin Zawod\u00f3w Bryd\u017ca Sportowego Zasady Alertowania Polityka Systemowa Kalkulator PKL-i Zasady przyznawania punkt\u00f3w klasyfikacyjne (PKL) w&nbsp;&nbsp;turniejach PZBS&nbsp;,&nbsp;&nbsp;&nbsp;KMP&nbsp;&nbsp;Lidze i mecz.&nbsp;puchar&nbsp;. oraz normy dla zdobycia&nbsp;&nbsp;tytu\u0142\u00f3w bryd\u017cowych Zmiany regulaminowe [&hellip;]<\/p>\n","protected":false},"author":2,"featured_media":0,"parent":0,"menu_order":0,"comment_status":"closed","ping_status":"closed","template":"","meta":{"footnotes":""},"class_list":["post-78","page","type-page","status-publish","hentry"],"_links":{"self":[{"href":"https:\/\/moraskibrydz.pl\/index.php?rest_route=\/wp\/v2\/pages\/78","targetHints":{"allow":["GET"]}}],"collection":[{"href":"https:\/\/moraskibrydz.pl\/index.php?rest_route=\/wp\/v2\/pages"}],"about":[{"href":"https:\/\/moraskibrydz.pl\/index.php?rest_route=\/wp\/v2\/types\/page"}],"author":[{"embeddable":true,"href":"https:\/\/moraskibrydz.pl\/index.php?rest_route=\/wp\/v2\/users\/2"}],"replies":[{"embeddable":true,"href":"https:\/\/moraskibrydz.pl\/index.php?rest_route=%2Fwp%2Fv2%2Fcomments&post=78"}],"version-history":[{"count":24,"href":"https:\/\/moraskibrydz.pl\/index.php?rest_route=\/wp\/v2\/pages\/78\/revisions"}],"predecessor-version":[{"id":2414,"href":"https:\/\/moraskibrydz.pl\/index.php?rest_route=\/wp\/v2\/pages\/78\/revisions\/2414"}],"wp:attachment":[{"href":"https:\/\/moraskibrydz.pl\/index.php?rest_route=%2Fwp%2Fv2%2Fmedia&parent=78"}],"curies":[{"name":"wp","href":"https:\/\/api.w.org\/{rel}","templated":true}]}}